{"id":44817,"date":"2024-06-19T14:24:07","date_gmt":"2024-06-19T12:24:07","guid":{"rendered":"https:\/\/archive.sosmediterranee.ch\/?post_type=product&#038;p=44817"},"modified":"2024-06-19T14:24:10","modified_gmt":"2024-06-19T12:24:10","slug":"le-murmure-de-la-mer-nur-auf-franzoesisch-erhaeltlich","status":"publish","type":"product","link":"https:\/\/archive.sosmediterranee.ch\/de\/produkt\/le-murmure-de-la-mer-nur-auf-franzoesisch-erhaeltlich\/","title":{"rendered":"Le murmure de la mer (Nur auf Franz\u00f6sisch erh\u00e4ltlich)"},"content":{"rendered":"","protected":false},"excerpt":{"rendered":"<p>Ein Jahr lang auf einem Schiff von SOS MEDITERRANEE.<\/p>\n<p>H\u00f6ren Sie sich das Mittelmeer an, h\u00f6ren Sie gut zu. Schauen Sie es an, schauen Sie genau hin.<br \/>\nH\u00f6ren Sie nicht, wie es von Welle zu Welle weitergegeben wird, das zarte Fl\u00fcstern von Tausenden von Leben, die durch das klare, blaue Wasser gleiten. Ein Fl\u00fcstern, das so zerbrechlich ist, dass es oftmals erlischt, wenn es von den Fluten verschluckt wird.<br \/>\nAn Bord der &#8222;Ocean Viking&#8220;, dem Rettungsschiff von SOS MEDITERRANEE, ist man t\u00e4glich mit diesem Fl\u00fcstern konfrontiert, diesen Worten, die vom Wind getragen werden, diesen Menschen, die f\u00fcr die \u00dcberfahrt alles riskieren. Man h\u00e4lt Ausschau nach dem Fl\u00fcstern, man wartet darauf, man hofft sogar darauf.<br \/>\nDenn das Fl\u00fcstern zu h\u00f6ren bedeutet, die Hand ausstrecken zu k\u00f6nnen. Zu retten. Ein Akt der Menschlichkeit. Auch wenn man sich vorwerfen lassen muss, &#8222;zu viele Leben zu retten&#8220;.<\/p>\n<p>Um dieses Fl\u00fcstern zu h\u00f6ren, hat sich Hippolyte an Bord der &#8222;Ocean Viking&#8220; begeben.<\/p>\n<p>Comic, Ausgabe Les Ar\u00e8nes<\/p>\n","protected":false},"featured_media":44818,"template":"","meta":{"_acf_changed":false,"wds_primary_product_cat":0,"_links_to":"","_links_to_target":""},"product_cat":[106],"product_tag":[],"class_list":{"0":"post-44817","1":"product","2":"type-product","3":"status-publish","4":"has-post-thumbnail","6":"product_cat-zubehor","8":"first","9":"instock","10":"taxable","11":"shipping-taxable","12":"purchasable","13":"product-type-simple"},"acf":[],"_links":{"self":[{"href":"https:\/\/archive.sosmediterranee.ch\/de\/wp-json\/wp\/v2\/product\/44817"}],"collection":[{"href":"https:\/\/archive.sosmediterranee.ch\/de\/wp-json\/wp\/v2\/product"}],"about":[{"href":"https:\/\/archive.sosmediterranee.ch\/de\/wp-json\/wp\/v2\/types\/product"}],"version-history":[{"count":0,"href":"https:\/\/archive.sosmediterranee.ch\/de\/wp-json\/wp\/v2\/product\/44817\/revisions"}],"wp:featuredmedia":[{"embeddable":true,"href":"https:\/\/archive.sosmediterranee.ch\/de\/wp-json\/wp\/v2\/media\/44818"}],"wp:attachment":[{"href":"https:\/\/archive.sosmediterranee.ch\/de\/wp-json\/wp\/v2\/media?parent=44817"}],"wp:term":[{"taxonomy":"product_cat","embeddable":true,"href":"https:\/\/archive.sosmediterranee.ch\/de\/wp-json\/wp\/v2\/product_cat?post=44817"},{"taxonomy":"product_tag","embeddable":true,"href":"https:\/\/archive.sosmediterranee.ch\/de\/wp-json\/wp\/v2\/product_tag?post=44817"}],"curies":[{"name":"wp","href":"https:\/\/api.w.org\/{rel}","templated":true}]}}