{"id":40107,"date":"2023-10-06T12:28:55","date_gmt":"2023-10-06T10:28:55","guid":{"rendered":"https:\/\/archive.sosmediterranee.ch\/?post_type=product&#038;p=40107"},"modified":"2024-05-03T08:30:58","modified_gmt":"2024-05-03T06:30:58","slug":"t-shirt-morse-code","status":"publish","type":"product","link":"https:\/\/archive.sosmediterranee.ch\/de\/produkt\/t-shirt-morse-code\/","title":{"rendered":"T-shirt Morse Code"},"content":{"rendered":"","protected":false},"excerpt":{"rendered":"<p><span style=\"color: #000000;\"><span style=\"font-family: Calibri, serif;\"><span lang=\"de-CH\">Unser T-Shirt &#8220; Morse Code&#8220;, ein Kleidungsst\u00fcck, das die Universalsprache der Hilfsbereitschaft und Solidarit\u00e4t symbolisiert. Hergestellt aus 100% biologischer und klimaneutraler Baumwolle, vereint dieses T-Shirt Stil, Komfort und Verantwortung f\u00fcr die Umwelt.\u00a0<\/span><\/span><\/span><\/p>\n<p><span style=\"color: #000000;\"><span style=\"font-family: Calibri, serif;\"><span lang=\"de-CH\">Lassen Sie sich von der einfachen aber aussagekr\u00e4ftigen Gestaltung dieses T-Shirts begeistern, welches von Moscha Huber entworfen wurde. Jeder Kauf unterst\u00fctzt unsere humanit\u00e4re Mission auf See.<\/span><\/span><\/span><\/p>\n","protected":false},"featured_media":43350,"template":"","meta":{"_acf_changed":false,"wds_primary_product_cat":0,"_links_to":"","_links_to_target":""},"product_cat":[107,108],"product_tag":[],"class_list":{"0":"post-40107","1":"product","2":"type-product","3":"status-publish","4":"has-post-thumbnail","6":"product_cat-kleidung","7":"product_cat-t-shirt-de","9":"first","10":"instock","11":"taxable","12":"shipping-taxable","13":"purchasable","14":"product-type-variable"},"acf":[],"_links":{"self":[{"href":"https:\/\/archive.sosmediterranee.ch\/de\/wp-json\/wp\/v2\/product\/40107"}],"collection":[{"href":"https:\/\/archive.sosmediterranee.ch\/de\/wp-json\/wp\/v2\/product"}],"about":[{"href":"https:\/\/archive.sosmediterranee.ch\/de\/wp-json\/wp\/v2\/types\/product"}],"version-history":[{"count":0,"href":"https:\/\/archive.sosmediterranee.ch\/de\/wp-json\/wp\/v2\/product\/40107\/revisions"}],"wp:featuredmedia":[{"embeddable":true,"href":"https:\/\/archive.sosmediterranee.ch\/de\/wp-json\/wp\/v2\/media\/43350"}],"wp:attachment":[{"href":"https:\/\/archive.sosmediterranee.ch\/de\/wp-json\/wp\/v2\/media?parent=40107"}],"wp:term":[{"taxonomy":"product_cat","embeddable":true,"href":"https:\/\/archive.sosmediterranee.ch\/de\/wp-json\/wp\/v2\/product_cat?post=40107"},{"taxonomy":"product_tag","embeddable":true,"href":"https:\/\/archive.sosmediterranee.ch\/de\/wp-json\/wp\/v2\/product_tag?post=40107"}],"curies":[{"name":"wp","href":"https:\/\/api.w.org\/{rel}","templated":true}]}}